{"id":763,"date":"2021-12-06T10:48:08","date_gmt":"2021-12-06T10:48:08","guid":{"rendered":"https:\/\/moneymattersproject.eu\/?page_id=763"},"modified":"2021-12-06T10:51:10","modified_gmt":"2021-12-06T10:51:10","slug":"biblioteca-sobre-literacia-financeira","status":"publish","type":"page","link":"https:\/\/moneymattersproject.eu\/pt-pt\/biblioteca-sobre-literacia-financeira\/","title":{"rendered":"Biblioteca sobre Literacia Financeira"},"content":{"rendered":"\t\t<div data-elementor-type=\"wp-page\" data-elementor-id=\"763\" class=\"elementor elementor-763\">\n\t\t\t\t\t\t\t\t\t<section class=\"elementor-section elementor-top-section elementor-element elementor-element-1287cee elementor-section-boxed elementor-section-height-default elementor-section-height-default\" data-id=\"1287cee\" data-element_type=\"section\">\n\t\t\t\t\t\t<div class=\"elementor-container elementor-column-gap-default\">\n\t\t\t\t\t<div class=\"elementor-column elementor-col-100 elementor-top-column elementor-element elementor-element-1cb2587\" data-id=\"1cb2587\" data-element_type=\"column\">\n\t\t\t<div class=\"elementor-widget-wrap elementor-element-populated\">\n\t\t\t\t\t\t\t\t<div class=\"elementor-element elementor-element-748c2cf elementor-widget elementor-widget-breadcrumbs\" data-id=\"748c2cf\" data-element_type=\"widget\" data-widget_type=\"breadcrumbs.default\">\n\t\t\t\t<div class=\"elementor-widget-container\">\n\t\t\t<p id=\"breadcrumbs\"><span><span><a href=\"https:\/\/moneymattersproject.eu\/pt-pt\/\">Home<\/a><\/span><\/span><\/p>\t\t<\/div>\n\t\t\t\t<\/div>\n\t\t\t\t<div class=\"elementor-element elementor-element-c99b5b4 elementor-widget elementor-widget-heading\" data-id=\"c99b5b4\" data-element_type=\"widget\" data-widget_type=\"heading.default\">\n\t\t\t\t<div class=\"elementor-widget-container\">\n\t\t\t<h1 class=\"elementor-heading-title elementor-size-default\">Biblioteca sobre Literacia Financeira<\/h1>\t\t<\/div>\n\t\t\t\t<\/div>\n\t\t\t\t\t<\/div>\n\t\t<\/div>\n\t\t\t\t\t\t\t<\/div>\n\t\t<\/section>\n\t\t\t\t<section class=\"elementor-section elementor-top-section elementor-element elementor-element-2cff672 elementor-section-boxed elementor-section-height-default elementor-section-height-default\" data-id=\"2cff672\" data-element_type=\"section\">\n\t\t\t\t\t\t<div class=\"elementor-container elementor-column-gap-default\">\n\t\t\t\t\t<div class=\"elementor-column elementor-col-50 elementor-top-column elementor-element elementor-element-3e3d81b\" data-id=\"3e3d81b\" data-element_type=\"column\">\n\t\t\t<div class=\"elementor-widget-wrap elementor-element-populated\">\n\t\t\t\t\t\t\t\t<div class=\"elementor-element elementor-element-a08f137 elementor-widget elementor-widget-heading\" data-id=\"a08f137\" data-element_type=\"widget\" data-widget_type=\"heading.default\">\n\t\t\t\t<div class=\"elementor-widget-container\">\n\t\t\t<h2 class=\"elementor-heading-title elementor-size-default\">Ferramentas Digitais de Pesquisa<\/h2>\t\t<\/div>\n\t\t\t\t<\/div>\n\t\t\t\t<div class=\"elementor-element elementor-element-dcceeeb elementor-widget elementor-widget-text-editor\" data-id=\"dcceeeb\" data-element_type=\"widget\" data-widget_type=\"text-editor.default\">\n\t\t\t\t<div class=\"elementor-widget-container\">\n\t\t\t\t\t\t\t<p><span style=\"font-weight: 400;\">Todos os recursos estar\u00e3o dispon\u00edveis em todas as l\u00ednguas de todos os parceiros e ser\u00e3o acess\u00edveis a qualquer provedor de educa\u00e7\u00e3o atrav\u00e9s do website do projeto e do portal de aprendizagem. Os recursos digitais estar\u00e3o dispon\u00edveis em formato PDF para uso offline, se solicitado por educadores e familiares. O Kit de ferramentas de recursos digitais oferece a oportunidade de introduzir as ideias e conceitos-chave que s\u00e3o fundamentais para o desenvolvimento da literacia financeira para todos os membros da fam\u00edlia, desde jovens a idosos, e espera-se que o impacto desses recursos e a mensagem que eles retratam ser\u00e1 significativo.<\/span><\/p>\t\t\t\t\t\t<\/div>\n\t\t\t\t<\/div>\n\t\t\t\t\t<\/div>\n\t\t<\/div>\n\t\t\t\t<div class=\"elementor-column elementor-col-50 elementor-top-column elementor-element elementor-element-2682e06\" data-id=\"2682e06\" data-element_type=\"column\">\n\t\t\t<div class=\"elementor-widget-wrap elementor-element-populated\">\n\t\t\t\t\t\t\t\t<div class=\"elementor-element elementor-element-056d8af elementor-widget elementor-widget-image\" data-id=\"056d8af\" data-element_type=\"widget\" data-widget_type=\"image.default\">\n\t\t\t\t<div class=\"elementor-widget-container\">\n\t\t\t\t\t\t\t\t\t\t\t\t\t\t\t<img loading=\"lazy\" decoding=\"async\" width=\"552\" height=\"406\" src=\"https:\/\/moneymattersproject.eu\/wp-content\/uploads\/2021\/03\/financial-literacy.png\" class=\"attachment-large size-large wp-image-89\" alt=\"\" srcset=\"https:\/\/moneymattersproject.eu\/wp-content\/uploads\/2021\/03\/financial-literacy.png 552w, https:\/\/moneymattersproject.eu\/wp-content\/uploads\/2021\/03\/financial-literacy-300x221.png 300w\" sizes=\"auto, (max-width: 552px) 100vw, 552px\" \/>\t\t\t\t\t\t\t\t\t\t\t\t\t\t\t<\/div>\n\t\t\t\t<\/div>\n\t\t\t\t\t<\/div>\n\t\t<\/div>\n\t\t\t\t\t\t\t<\/div>\n\t\t<\/section>\n\t\t\t\t<section class=\"elementor-section elementor-top-section elementor-element elementor-element-0cde4ba elementor-section-boxed elementor-section-height-default elementor-section-height-default\" data-id=\"0cde4ba\" data-element_type=\"section\">\n\t\t\t\t\t\t<div class=\"elementor-container elementor-column-gap-default\">\n\t\t\t\t\t<div class=\"elementor-column elementor-col-50 elementor-top-column elementor-element elementor-element-3204a67\" data-id=\"3204a67\" data-element_type=\"column\">\n\t\t\t<div class=\"elementor-widget-wrap elementor-element-populated\">\n\t\t\t\t\t\t\t\t<div class=\"elementor-element elementor-element-a3d6796 elementor-widget elementor-widget-image\" data-id=\"a3d6796\" data-element_type=\"widget\" data-widget_type=\"image.default\">\n\t\t\t\t<div class=\"elementor-widget-container\">\n\t\t\t\t\t\t\t\t\t\t\t\t\t\t\t<img loading=\"lazy\" decoding=\"async\" width=\"526\" height=\"490\" src=\"https:\/\/moneymattersproject.eu\/wp-content\/uploads\/2021\/03\/comic-book.png\" class=\"attachment-large size-large wp-image-181\" alt=\"\" srcset=\"https:\/\/moneymattersproject.eu\/wp-content\/uploads\/2021\/03\/comic-book.png 526w, https:\/\/moneymattersproject.eu\/wp-content\/uploads\/2021\/03\/comic-book-300x279.png 300w\" sizes=\"auto, (max-width: 526px) 100vw, 526px\" \/>\t\t\t\t\t\t\t\t\t\t\t\t\t\t\t<\/div>\n\t\t\t\t<\/div>\n\t\t\t\t\t<\/div>\n\t\t<\/div>\n\t\t\t\t<div class=\"elementor-column elementor-col-50 elementor-top-column elementor-element elementor-element-55f6a1f\" data-id=\"55f6a1f\" data-element_type=\"column\">\n\t\t\t<div class=\"elementor-widget-wrap elementor-element-populated\">\n\t\t\t\t\t\t\t\t<div class=\"elementor-element elementor-element-c69b993 elementor-widget elementor-widget-heading\" data-id=\"c69b993\" data-element_type=\"widget\" data-widget_type=\"heading.default\">\n\t\t\t\t<div class=\"elementor-widget-container\">\n\t\t\t<h2 class=\"elementor-heading-title elementor-size-default\">Banda desenhada<\/h2>\t\t<\/div>\n\t\t\t\t<\/div>\n\t\t\t\t<div class=\"elementor-element elementor-element-be55ca5 elementor-widget elementor-widget-text-editor\" data-id=\"be55ca5\" data-element_type=\"widget\" data-widget_type=\"text-editor.default\">\n\t\t\t\t<div class=\"elementor-widget-container\">\n\t\t\t\t\t\t\t<p><span style=\"font-weight: 400;\">Tem em vista jovens membros da fam\u00edlia com idades entre os 6 e os 12 anos, ser\u00e1 desenvolvido um novo livro de banda desenhada que aborda o aumento da literacia financeira. A imagem de quadrinhos desenvolvida ser\u00e1 composta de 12 tiras tem\u00e1ticas mensais onde a literacia financeira ter\u00e1 &#8220;super-her\u00f3i&#8221; lidando com quest\u00f5es relacionadas com a literacia financeira. A narrativa mensal da banda desenhada ser\u00e1 adaptada para garantir que o conte\u00fado \u00e9 adequado \u00e0 idade em que ser\u00e1 apresentada. As narrativas para os quadrinhos ser\u00e3o escritas pela Simplexia e pela Right Challenge, que juntos produzir\u00e3o os elementos visuais para tornar os quadrinhos atraentes para o p\u00fablico jovem.<\/span><\/p>\t\t\t\t\t\t<\/div>\n\t\t\t\t<\/div>\n\t\t\t\t\t<\/div>\n\t\t<\/div>\n\t\t\t\t\t\t\t<\/div>\n\t\t<\/section>\n\t\t\t\t<section class=\"elementor-section elementor-top-section elementor-element elementor-element-580877c elementor-section-boxed elementor-section-height-default elementor-section-height-default\" data-id=\"580877c\" data-element_type=\"section\">\n\t\t\t\t\t\t<div class=\"elementor-container elementor-column-gap-default\">\n\t\t\t\t\t<div class=\"elementor-column elementor-col-50 elementor-top-column elementor-element elementor-element-4c0e6e2\" data-id=\"4c0e6e2\" data-element_type=\"column\">\n\t\t\t<div class=\"elementor-widget-wrap elementor-element-populated\">\n\t\t\t\t\t\t\t\t<div class=\"elementor-element elementor-element-3d90f45 elementor-widget elementor-widget-heading\" data-id=\"3d90f45\" data-element_type=\"widget\" data-widget_type=\"heading.default\">\n\t\t\t\t<div class=\"elementor-widget-container\">\n\t\t\t<h2 class=\"elementor-heading-title elementor-size-default\">Escame Rooms App para telem\u00f3veis<\/h2>\t\t<\/div>\n\t\t\t\t<\/div>\n\t\t\t\t<div class=\"elementor-element elementor-element-5bf48a5 elementor-widget elementor-widget-text-editor\" data-id=\"5bf48a5\" data-element_type=\"widget\" data-widget_type=\"text-editor.default\">\n\t\t\t\t<div class=\"elementor-widget-container\">\n\t\t\t\t\t\t\t<p><span style=\"font-weight: 400;\">Os desafios da <\/span><i><span style=\"font-weight: 400;\">Escape Room<\/span><\/i><span style=\"font-weight: 400;\"> online que compreendem este recurso inovador de aprendizagem abordar\u00e3o temas-chave relacionados com a literacia financeira para membros da fam\u00edlia com idades compreendidas entre os 13 e os 18 anos. Ser\u00e3o desenvolvidos cen\u00e1rios para cada recurso que abordem adequadamente quest\u00f5es-chave de literacia financeira, tanto em circunst\u00e2ncias financeiras positivas como negativas.<\/span><\/p><p><span style=\"font-weight: 400;\">Os recursos desenvolvidos ser\u00e3o mobilizados a n\u00edveis introdut\u00f3rios e interm\u00e9dios para introduzir as melhores pr\u00e1ticas em mat\u00e9ria de planeamento financeiro, gest\u00e3o da d\u00edvida, tratamento das institui\u00e7\u00f5es financeiras, etc. A conce\u00e7\u00e3o dos recursos de literacia financeira a partir do zero permite que os parceiros introduzam diferentes n\u00edveis para garantir que as pessoas que est\u00e3o a aprender possam envolver-se com as ferramentas desenvolvidas independentemente da hist\u00f3ria educacional anterior e que seja fornecida uma experi\u00eancia educacional sustent\u00e1vel, permitindo-lhes construir as suas compet\u00eancias atrav\u00e9s dos n\u00edveis dispon\u00edveis. SRC E Learning Unlimited desenvolver\u00e3o 3 recursos cada. Tal permitir\u00e1 que os parceiros disponibilizem recursos espec\u00edficos em fun\u00e7\u00e3o do g\u00e9nero, sempre que necess\u00e1rio. Uma t\u00edpica <\/span><i><span style=\"font-weight: 400;\">Escape Room<\/span><\/i><span style=\"font-weight: 400;\"> educacional online introdut\u00f3ria ter\u00e1 3 desafios individuais que se tornam cada vez mais dif\u00edceis. Enquanto um recurso intermedi\u00e1rio ter\u00e1 5 desafios individuais que ficam incrementalmente mais dif\u00edceis.<\/span><\/p>\t\t\t\t\t\t<\/div>\n\t\t\t\t<\/div>\n\t\t\t\t\t<\/div>\n\t\t<\/div>\n\t\t\t\t<div class=\"elementor-column elementor-col-50 elementor-top-column elementor-element elementor-element-9168dbe\" data-id=\"9168dbe\" data-element_type=\"column\">\n\t\t\t<div class=\"elementor-widget-wrap elementor-element-populated\">\n\t\t\t\t\t\t\t\t<div class=\"elementor-element elementor-element-1f5fa5a elementor-widget elementor-widget-image\" data-id=\"1f5fa5a\" data-element_type=\"widget\" data-widget_type=\"image.default\">\n\t\t\t\t<div class=\"elementor-widget-container\">\n\t\t\t\t\t\t\t\t\t\t\t\t\t\t\t<img loading=\"lazy\" decoding=\"async\" width=\"564\" height=\"415\" src=\"https:\/\/moneymattersproject.eu\/wp-content\/uploads\/2021\/03\/escape-rooms.png\" class=\"attachment-large size-large wp-image-183\" alt=\"\" srcset=\"https:\/\/moneymattersproject.eu\/wp-content\/uploads\/2021\/03\/escape-rooms.png 564w, https:\/\/moneymattersproject.eu\/wp-content\/uploads\/2021\/03\/escape-rooms-300x221.png 300w\" sizes=\"auto, (max-width: 564px) 100vw, 564px\" \/>\t\t\t\t\t\t\t\t\t\t\t\t\t\t\t<\/div>\n\t\t\t\t<\/div>\n\t\t\t\t\t<\/div>\n\t\t<\/div>\n\t\t\t\t\t\t\t<\/div>\n\t\t<\/section>\n\t\t\t\t\t\t\t<\/div>\n\t\t","protected":false},"excerpt":{"rendered":"<p>Biblioteca sobre Literacia Financeira Ferramentas Digitais de Pesquisa Todos os recursos estar\u00e3o dispon\u00edveis em todas as l\u00ednguas de todos os parceiros e ser\u00e3o acess\u00edveis a qualquer provedor de educa\u00e7\u00e3o atrav\u00e9s do website do projeto e do portal de aprendizagem. Os recursos digitais estar\u00e3o dispon\u00edveis em formato PDF para uso offline, se solicitado por educadores e [&hellip;]<\/p>\n","protected":false},"author":1,"featured_media":0,"parent":0,"menu_order":0,"comment_status":"closed","ping_status":"closed","template":"","meta":{"footnotes":""},"class_list":["post-763","page","type-page","status-publish","hentry"],"yoast_head":"<!-- This site is optimized with the Yoast SEO plugin v22.0 - https:\/\/yoast.com\/wordpress\/plugins\/seo\/ -->\n<title>Biblioteca sobre Literacia Financeira - Money Matters<\/title>\n<meta name=\"robots\" content=\"index, follow, max-snippet:-1, max-image-preview:large, max-video-preview:-1\" \/>\n<link rel=\"canonical\" href=\"https:\/\/moneymattersproject.eu\/pt-pt\/biblioteca-sobre-literacia-financeira\/\" \/>\n<meta property=\"og:locale\" content=\"pt_PT\" \/>\n<meta property=\"og:type\" content=\"article\" \/>\n<meta property=\"og:title\" content=\"Biblioteca sobre Literacia Financeira - Money Matters\" \/>\n<meta property=\"og:description\" content=\"Biblioteca sobre Literacia Financeira Ferramentas Digitais de Pesquisa Todos os recursos estar\u00e3o dispon\u00edveis em todas as l\u00ednguas de todos os parceiros e ser\u00e3o acess\u00edveis a qualquer provedor de educa\u00e7\u00e3o atrav\u00e9s do website do projeto e do portal de aprendizagem. Os recursos digitais estar\u00e3o dispon\u00edveis em formato PDF para uso offline, se solicitado por educadores e [&hellip;]\" \/>\n<meta property=\"og:url\" content=\"https:\/\/moneymattersproject.eu\/pt-pt\/biblioteca-sobre-literacia-financeira\/\" \/>\n<meta property=\"og:site_name\" content=\"Money Matters\" \/>\n<meta property=\"article:modified_time\" content=\"2021-12-06T10:51:10+00:00\" \/>\n<meta property=\"og:image\" content=\"https:\/\/moneymattersproject.eu\/wp-content\/uploads\/2021\/03\/financial-literacy.png\" \/>\n<meta name=\"twitter:card\" content=\"summary_large_image\" \/>\n<meta name=\"twitter:label1\" content=\"Tempo estimado de leitura\" \/>\n\t<meta name=\"twitter:data1\" content=\"3 minutos\" \/>\n<script type=\"application\/ld+json\" class=\"yoast-schema-graph\">{\"@context\":\"https:\/\/schema.org\",\"@graph\":[{\"@type\":\"WebPage\",\"@id\":\"https:\/\/moneymattersproject.eu\/pt-pt\/biblioteca-sobre-literacia-financeira\/\",\"url\":\"https:\/\/moneymattersproject.eu\/pt-pt\/biblioteca-sobre-literacia-financeira\/\",\"name\":\"Biblioteca sobre Literacia Financeira - Money Matters\",\"isPartOf\":{\"@id\":\"https:\/\/moneymattersproject.eu\/#website\"},\"datePublished\":\"2021-12-06T10:48:08+00:00\",\"dateModified\":\"2021-12-06T10:51:10+00:00\",\"breadcrumb\":{\"@id\":\"https:\/\/moneymattersproject.eu\/pt-pt\/biblioteca-sobre-literacia-financeira\/#breadcrumb\"},\"inLanguage\":\"pt-PT\",\"potentialAction\":[{\"@type\":\"ReadAction\",\"target\":[\"https:\/\/moneymattersproject.eu\/pt-pt\/biblioteca-sobre-literacia-financeira\/\"]}]},{\"@type\":\"BreadcrumbList\",\"@id\":\"https:\/\/moneymattersproject.eu\/pt-pt\/biblioteca-sobre-literacia-financeira\/#breadcrumb\",\"itemListElement\":[{\"@type\":\"ListItem\",\"position\":1,\"name\":\"Home\",\"item\":\"https:\/\/moneymattersproject.eu\/pt-pt\/\"},{\"@type\":\"ListItem\",\"position\":2,\"name\":\"Biblioteca sobre Literacia Financeira\"}]},{\"@type\":\"WebSite\",\"@id\":\"https:\/\/moneymattersproject.eu\/#website\",\"url\":\"https:\/\/moneymattersproject.eu\/\",\"name\":\"Money Matters\",\"description\":\"\",\"potentialAction\":[{\"@type\":\"SearchAction\",\"target\":{\"@type\":\"EntryPoint\",\"urlTemplate\":\"https:\/\/moneymattersproject.eu\/?s={search_term_string}\"},\"query-input\":\"required name=search_term_string\"}],\"inLanguage\":\"pt-PT\"}]}<\/script>\n<!-- \/ Yoast SEO plugin. -->","yoast_head_json":{"title":"Biblioteca sobre Literacia Financeira - Money Matters","robots":{"index":"index","follow":"follow","max-snippet":"max-snippet:-1","max-image-preview":"max-image-preview:large","max-video-preview":"max-video-preview:-1"},"canonical":"https:\/\/moneymattersproject.eu\/pt-pt\/biblioteca-sobre-literacia-financeira\/","og_locale":"pt_PT","og_type":"article","og_title":"Biblioteca sobre Literacia Financeira - Money Matters","og_description":"Biblioteca sobre Literacia Financeira Ferramentas Digitais de Pesquisa Todos os recursos estar\u00e3o dispon\u00edveis em todas as l\u00ednguas de todos os parceiros e ser\u00e3o acess\u00edveis a qualquer provedor de educa\u00e7\u00e3o atrav\u00e9s do website do projeto e do portal de aprendizagem. Os recursos digitais estar\u00e3o dispon\u00edveis em formato PDF para uso offline, se solicitado por educadores e [&hellip;]","og_url":"https:\/\/moneymattersproject.eu\/pt-pt\/biblioteca-sobre-literacia-financeira\/","og_site_name":"Money Matters","article_modified_time":"2021-12-06T10:51:10+00:00","og_image":[{"url":"https:\/\/moneymattersproject.eu\/wp-content\/uploads\/2021\/03\/financial-literacy.png"}],"twitter_card":"summary_large_image","twitter_misc":{"Tempo estimado de leitura":"3 minutos"},"schema":{"@context":"https:\/\/schema.org","@graph":[{"@type":"WebPage","@id":"https:\/\/moneymattersproject.eu\/pt-pt\/biblioteca-sobre-literacia-financeira\/","url":"https:\/\/moneymattersproject.eu\/pt-pt\/biblioteca-sobre-literacia-financeira\/","name":"Biblioteca sobre Literacia Financeira - Money Matters","isPartOf":{"@id":"https:\/\/moneymattersproject.eu\/#website"},"datePublished":"2021-12-06T10:48:08+00:00","dateModified":"2021-12-06T10:51:10+00:00","breadcrumb":{"@id":"https:\/\/moneymattersproject.eu\/pt-pt\/biblioteca-sobre-literacia-financeira\/#breadcrumb"},"inLanguage":"pt-PT","potentialAction":[{"@type":"ReadAction","target":["https:\/\/moneymattersproject.eu\/pt-pt\/biblioteca-sobre-literacia-financeira\/"]}]},{"@type":"BreadcrumbList","@id":"https:\/\/moneymattersproject.eu\/pt-pt\/biblioteca-sobre-literacia-financeira\/#breadcrumb","itemListElement":[{"@type":"ListItem","position":1,"name":"Home","item":"https:\/\/moneymattersproject.eu\/pt-pt\/"},{"@type":"ListItem","position":2,"name":"Biblioteca sobre Literacia Financeira"}]},{"@type":"WebSite","@id":"https:\/\/moneymattersproject.eu\/#website","url":"https:\/\/moneymattersproject.eu\/","name":"Money Matters","description":"","potentialAction":[{"@type":"SearchAction","target":{"@type":"EntryPoint","urlTemplate":"https:\/\/moneymattersproject.eu\/?s={search_term_string}"},"query-input":"required name=search_term_string"}],"inLanguage":"pt-PT"}]}},"_links":{"self":[{"href":"https:\/\/moneymattersproject.eu\/pt-pt\/wp-json\/wp\/v2\/pages\/763","targetHints":{"allow":["GET"]}}],"collection":[{"href":"https:\/\/moneymattersproject.eu\/pt-pt\/wp-json\/wp\/v2\/pages"}],"about":[{"href":"https:\/\/moneymattersproject.eu\/pt-pt\/wp-json\/wp\/v2\/types\/page"}],"author":[{"embeddable":true,"href":"https:\/\/moneymattersproject.eu\/pt-pt\/wp-json\/wp\/v2\/users\/1"}],"replies":[{"embeddable":true,"href":"https:\/\/moneymattersproject.eu\/pt-pt\/wp-json\/wp\/v2\/comments?post=763"}],"version-history":[{"count":7,"href":"https:\/\/moneymattersproject.eu\/pt-pt\/wp-json\/wp\/v2\/pages\/763\/revisions"}],"predecessor-version":[{"id":772,"href":"https:\/\/moneymattersproject.eu\/pt-pt\/wp-json\/wp\/v2\/pages\/763\/revisions\/772"}],"wp:attachment":[{"href":"https:\/\/moneymattersproject.eu\/pt-pt\/wp-json\/wp\/v2\/media?parent=763"}],"curies":[{"name":"wp","href":"https:\/\/api.w.org\/{rel}","templated":true}]}}