{"id":741,"date":"2021-12-06T10:37:35","date_gmt":"2021-12-06T10:37:35","guid":{"rendered":"https:\/\/moneymattersproject.eu\/?page_id=741"},"modified":"2022-08-03T08:53:05","modified_gmt":"2022-08-03T08:53:05","slug":"pagina-inicial","status":"publish","type":"page","link":"https:\/\/moneymattersproject.eu\/pt-pt\/","title":{"rendered":"P\u00e1gina Inicial"},"content":{"rendered":"\t\t<div data-elementor-type=\"wp-page\" data-elementor-id=\"741\" class=\"elementor elementor-741\">\n\t\t\t\t\t\t\t\t\t<section class=\"elementor-section elementor-top-section elementor-element elementor-element-83ece8f elementor-section-boxed elementor-section-height-default elementor-section-height-default\" data-id=\"83ece8f\" data-element_type=\"section\">\n\t\t\t\t\t\t<div class=\"elementor-container elementor-column-gap-default\">\n\t\t\t\t\t<div class=\"elementor-column elementor-col-50 elementor-top-column elementor-element elementor-element-8bed73f\" data-id=\"8bed73f\" data-element_type=\"column\">\n\t\t\t<div class=\"elementor-widget-wrap elementor-element-populated\">\n\t\t\t\t\t\t\t\t<div class=\"elementor-element elementor-element-e9c451a elementor-widget elementor-widget-heading\" data-id=\"e9c451a\" data-element_type=\"widget\" data-widget_type=\"heading.default\">\n\t\t\t\t<div class=\"elementor-widget-container\">\n\t\t\t<h1 class=\"elementor-heading-title elementor-size-default\">Literacia Financeira para Fam\u00edlias<\/h1>\t\t<\/div>\n\t\t\t\t<\/div>\n\t\t\t\t\t<\/div>\n\t\t<\/div>\n\t\t\t\t<div class=\"elementor-column elementor-col-50 elementor-top-column elementor-element elementor-element-b795237\" data-id=\"b795237\" data-element_type=\"column\">\n\t\t\t<div class=\"elementor-widget-wrap elementor-element-populated\">\n\t\t\t\t\t\t\t\t<div class=\"elementor-element elementor-element-c52d453 elementor-widget elementor-widget-image\" data-id=\"c52d453\" data-element_type=\"widget\" data-widget_type=\"image.default\">\n\t\t\t\t<div class=\"elementor-widget-container\">\n\t\t\t\t\t\t\t\t\t\t\t\t\t\t\t<img loading=\"lazy\" decoding=\"async\" width=\"768\" height=\"530\" src=\"https:\/\/moneymattersproject.eu\/wp-content\/uploads\/2021\/03\/homepage_image-768x530.png\" class=\"attachment-medium_large size-medium_large wp-image-49\" alt=\"\" srcset=\"https:\/\/moneymattersproject.eu\/wp-content\/uploads\/2021\/03\/homepage_image-768x530.png 768w, https:\/\/moneymattersproject.eu\/wp-content\/uploads\/2021\/03\/homepage_image-300x207.png 300w, https:\/\/moneymattersproject.eu\/wp-content\/uploads\/2021\/03\/homepage_image.png 986w\" sizes=\"auto, (max-width: 768px) 100vw, 768px\" \/>\t\t\t\t\t\t\t\t\t\t\t\t\t\t\t<\/div>\n\t\t\t\t<\/div>\n\t\t\t\t\t<\/div>\n\t\t<\/div>\n\t\t\t\t\t\t\t<\/div>\n\t\t<\/section>\n\t\t\t\t<section class=\"elementor-section elementor-top-section elementor-element elementor-element-7b4aa2a elementor-section-boxed elementor-section-height-default elementor-section-height-default\" data-id=\"7b4aa2a\" data-element_type=\"section\" data-settings=\"{&quot;background_background&quot;:&quot;classic&quot;}\">\n\t\t\t\t\t\t<div class=\"elementor-container elementor-column-gap-default\">\n\t\t\t\t\t<div class=\"elementor-column elementor-col-100 elementor-top-column elementor-element elementor-element-92411fb\" data-id=\"92411fb\" data-element_type=\"column\">\n\t\t\t<div class=\"elementor-widget-wrap elementor-element-populated\">\n\t\t\t\t\t\t\t\t<div class=\"elementor-element elementor-element-4263536 elementor-widget elementor-widget-spacer\" data-id=\"4263536\" data-element_type=\"widget\" data-widget_type=\"spacer.default\">\n\t\t\t\t<div class=\"elementor-widget-container\">\n\t\t\t\t\t<div class=\"elementor-spacer\">\n\t\t\t<div class=\"elementor-spacer-inner\"><\/div>\n\t\t<\/div>\n\t\t\t\t<\/div>\n\t\t\t\t<\/div>\n\t\t\t\t\t<\/div>\n\t\t<\/div>\n\t\t\t\t\t\t\t<\/div>\n\t\t<\/section>\n\t\t\t\t<section class=\"elementor-section elementor-top-section elementor-element elementor-element-cc36675 elementor-section-boxed elementor-section-height-default elementor-section-height-default\" data-id=\"cc36675\" data-element_type=\"section\">\n\t\t\t\t\t\t<div class=\"elementor-container elementor-column-gap-default\">\n\t\t\t\t\t<div class=\"elementor-column elementor-col-50 elementor-top-column elementor-element elementor-element-1e8b321\" data-id=\"1e8b321\" data-element_type=\"column\">\n\t\t\t<div class=\"elementor-widget-wrap elementor-element-populated\">\n\t\t\t\t\t\t\t\t<div class=\"elementor-element elementor-element-46af38e elementor-widget elementor-widget-heading\" data-id=\"46af38e\" data-element_type=\"widget\" data-widget_type=\"heading.default\">\n\t\t\t\t<div class=\"elementor-widget-container\">\n\t\t\t<h2 class=\"elementor-heading-title elementor-size-default\">Sobre o Projeto<\/h2>\t\t<\/div>\n\t\t\t\t<\/div>\n\t\t\t\t<div class=\"elementor-element elementor-element-e4bdf51 elementor-widget elementor-widget-text-editor\" data-id=\"e4bdf51\" data-element_type=\"widget\" data-widget_type=\"text-editor.default\">\n\t\t\t\t<div class=\"elementor-widget-container\">\n\t\t\t\t\t\t\t<p><span style=\"font-weight: 400;\">Um dos principais fatores que dificultam poss\u00edveis resolu\u00e7\u00f5es de D\u00edvida familiar \u00e9 a falta de compet\u00eancias-chave sobre literacia financeira que atualmente se encontram na maioria das comunidades menos qualificadas, onde os encargos com a d\u00edvida permanecem elevados.<\/span><\/p>\t\t\t\t\t\t<\/div>\n\t\t\t\t<\/div>\n\t\t\t\t<div class=\"elementor-element elementor-element-3c94f89 elementor-mobile-align-center elementor-widget elementor-widget-button\" data-id=\"3c94f89\" data-element_type=\"widget\" data-widget_type=\"button.default\">\n\t\t\t\t<div class=\"elementor-widget-container\">\n\t\t\t\t\t<div class=\"elementor-button-wrapper\">\n\t\t\t<a class=\"elementor-button elementor-button-link elementor-size-sm\" href=\"https:\/\/moneymattersproject.eu\/pt-pt\/sobre\/\">\n\t\t\t\t\t\t<span class=\"elementor-button-content-wrapper\">\n\t\t\t\t\t\t<span class=\"elementor-button-text\">Ler mais<\/span>\n\t\t<\/span>\n\t\t\t\t\t<\/a>\n\t\t<\/div>\n\t\t\t\t<\/div>\n\t\t\t\t<\/div>\n\t\t\t\t\t<\/div>\n\t\t<\/div>\n\t\t\t\t<div class=\"elementor-column elementor-col-50 elementor-top-column elementor-element elementor-element-29598ff\" data-id=\"29598ff\" data-element_type=\"column\">\n\t\t\t<div class=\"elementor-widget-wrap elementor-element-populated\">\n\t\t\t\t\t\t\t\t<div class=\"elementor-element elementor-element-931ff86 elementor-widget__width-initial elementor-invisible elementor-widget elementor-widget-image\" data-id=\"931ff86\" data-element_type=\"widget\" data-settings=\"{&quot;_animation&quot;:&quot;bounceInRight&quot;}\" data-widget_type=\"image.default\">\n\t\t\t\t<div class=\"elementor-widget-container\">\n\t\t\t\t\t\t\t\t\t\t\t\t\t\t\t<img loading=\"lazy\" decoding=\"async\" width=\"768\" height=\"454\" src=\"https:\/\/moneymattersproject.eu\/wp-content\/uploads\/2021\/12\/about-05-768x454.png\" class=\"attachment-medium_large size-medium_large wp-image-475\" alt=\"\" srcset=\"https:\/\/moneymattersproject.eu\/wp-content\/uploads\/2021\/12\/about-05-768x454.png 768w, https:\/\/moneymattersproject.eu\/wp-content\/uploads\/2021\/12\/about-05-300x177.png 300w, https:\/\/moneymattersproject.eu\/wp-content\/uploads\/2021\/12\/about-05-1024x605.png 1024w, https:\/\/moneymattersproject.eu\/wp-content\/uploads\/2021\/12\/about-05-1536x908.png 1536w, https:\/\/moneymattersproject.eu\/wp-content\/uploads\/2021\/12\/about-05-2048x1210.png 2048w\" sizes=\"auto, (max-width: 768px) 100vw, 768px\" \/>\t\t\t\t\t\t\t\t\t\t\t\t\t\t\t<\/div>\n\t\t\t\t<\/div>\n\t\t\t\t\t<\/div>\n\t\t<\/div>\n\t\t\t\t\t\t\t<\/div>\n\t\t<\/section>\n\t\t\t\t<section class=\"elementor-section elementor-top-section elementor-element elementor-element-ff48a76 elementor-section-boxed elementor-section-height-default elementor-section-height-default\" data-id=\"ff48a76\" data-element_type=\"section\" data-settings=\"{&quot;background_background&quot;:&quot;classic&quot;}\">\n\t\t\t\t\t\t<div class=\"elementor-container elementor-column-gap-default\">\n\t\t\t\t\t<div class=\"elementor-column elementor-col-100 elementor-top-column elementor-element elementor-element-4e606de\" data-id=\"4e606de\" data-element_type=\"column\">\n\t\t\t<div class=\"elementor-widget-wrap elementor-element-populated\">\n\t\t\t\t\t\t\t\t<div class=\"elementor-element elementor-element-2a77d13 elementor-widget elementor-widget-spacer\" data-id=\"2a77d13\" data-element_type=\"widget\" data-widget_type=\"spacer.default\">\n\t\t\t\t<div class=\"elementor-widget-container\">\n\t\t\t\t\t<div class=\"elementor-spacer\">\n\t\t\t<div class=\"elementor-spacer-inner\"><\/div>\n\t\t<\/div>\n\t\t\t\t<\/div>\n\t\t\t\t<\/div>\n\t\t\t\t\t<\/div>\n\t\t<\/div>\n\t\t\t\t\t\t\t<\/div>\n\t\t<\/section>\n\t\t\t\t<section class=\"elementor-section elementor-top-section elementor-element elementor-element-f2ce157 elementor-reverse-mobile elementor-section-boxed elementor-section-height-default elementor-section-height-default\" data-id=\"f2ce157\" data-element_type=\"section\">\n\t\t\t\t\t\t<div class=\"elementor-container elementor-column-gap-default\">\n\t\t\t\t\t<div class=\"elementor-column elementor-col-50 elementor-top-column elementor-element elementor-element-9db5e26\" data-id=\"9db5e26\" data-element_type=\"column\">\n\t\t\t<div class=\"elementor-widget-wrap elementor-element-populated\">\n\t\t\t\t\t\t\t\t<div class=\"elementor-element elementor-element-c802bb2 elementor-invisible elementor-widget elementor-widget-image\" data-id=\"c802bb2\" data-element_type=\"widget\" data-settings=\"{&quot;_animation&quot;:&quot;bounceInLeft&quot;}\" data-widget_type=\"image.default\">\n\t\t\t\t<div class=\"elementor-widget-container\">\n\t\t\t\t\t\t\t\t\t\t\t\t\t\t\t<img loading=\"lazy\" decoding=\"async\" width=\"552\" height=\"406\" src=\"https:\/\/moneymattersproject.eu\/wp-content\/uploads\/2021\/03\/financial-literacy.png\" class=\"attachment-medium_large size-medium_large wp-image-89\" alt=\"\" srcset=\"https:\/\/moneymattersproject.eu\/wp-content\/uploads\/2021\/03\/financial-literacy.png 552w, https:\/\/moneymattersproject.eu\/wp-content\/uploads\/2021\/03\/financial-literacy-300x221.png 300w\" sizes=\"auto, (max-width: 552px) 100vw, 552px\" \/>\t\t\t\t\t\t\t\t\t\t\t\t\t\t\t<\/div>\n\t\t\t\t<\/div>\n\t\t\t\t\t<\/div>\n\t\t<\/div>\n\t\t\t\t<div class=\"elementor-column elementor-col-50 elementor-top-column elementor-element elementor-element-3f18940\" data-id=\"3f18940\" data-element_type=\"column\">\n\t\t\t<div class=\"elementor-widget-wrap elementor-element-populated\">\n\t\t\t\t\t\t\t\t<div class=\"elementor-element elementor-element-cc552a0 elementor-widget elementor-widget-heading\" data-id=\"cc552a0\" data-element_type=\"widget\" data-widget_type=\"heading.default\">\n\t\t\t\t<div class=\"elementor-widget-container\">\n\t\t\t<h2 class=\"elementor-heading-title elementor-size-default\">Biblioteca sobre literacia financeira<\/h2>\t\t<\/div>\n\t\t\t\t<\/div>\n\t\t\t\t<div class=\"elementor-element elementor-element-78432f1 elementor-widget elementor-widget-text-editor\" data-id=\"78432f1\" data-element_type=\"widget\" data-widget_type=\"text-editor.default\">\n\t\t\t\t<div class=\"elementor-widget-container\">\n\t\t\t\t\t\t\t<p><span style=\"font-weight: 400;\">Biblioteca de literacia financeira (interface on-line) para fam\u00edlias onde se desenvolve o tema da literacia familiar com casos de estudo adequados \u00e0 vida real (criado usando Kumo.io ou similar, que \u00e9 um software de cria\u00e7\u00e3o de conte\u00fado).<\/span><\/p>\t\t\t\t\t\t<\/div>\n\t\t\t\t<\/div>\n\t\t\t\t<div class=\"elementor-element elementor-element-a790062 elementor-mobile-align-center elementor-widget elementor-widget-button\" data-id=\"a790062\" data-element_type=\"widget\" data-widget_type=\"button.default\">\n\t\t\t\t<div class=\"elementor-widget-container\">\n\t\t\t\t\t<div class=\"elementor-button-wrapper\">\n\t\t\t<a class=\"elementor-button elementor-button-link elementor-size-sm\" href=\"https:\/\/moneymattersproject.eu\/pt-pt\/biblioteca-sobre-literacia-financeira\/\">\n\t\t\t\t\t\t<span class=\"elementor-button-content-wrapper\">\n\t\t\t\t\t\t<span class=\"elementor-button-text\">Ler mais<\/span>\n\t\t<\/span>\n\t\t\t\t\t<\/a>\n\t\t<\/div>\n\t\t\t\t<\/div>\n\t\t\t\t<\/div>\n\t\t\t\t\t<\/div>\n\t\t<\/div>\n\t\t\t\t\t\t\t<\/div>\n\t\t<\/section>\n\t\t\t\t<section class=\"elementor-section elementor-top-section elementor-element elementor-element-35418d3 elementor-section-boxed elementor-section-height-default elementor-section-height-default\" data-id=\"35418d3\" data-element_type=\"section\" data-settings=\"{&quot;background_background&quot;:&quot;classic&quot;}\">\n\t\t\t\t\t\t<div class=\"elementor-container elementor-column-gap-default\">\n\t\t\t\t\t<div class=\"elementor-column elementor-col-100 elementor-top-column elementor-element elementor-element-52a8f51\" data-id=\"52a8f51\" data-element_type=\"column\">\n\t\t\t<div class=\"elementor-widget-wrap elementor-element-populated\">\n\t\t\t\t\t\t\t\t<div class=\"elementor-element elementor-element-596f7a7 elementor-widget elementor-widget-spacer\" data-id=\"596f7a7\" data-element_type=\"widget\" data-widget_type=\"spacer.default\">\n\t\t\t\t<div class=\"elementor-widget-container\">\n\t\t\t\t\t<div class=\"elementor-spacer\">\n\t\t\t<div class=\"elementor-spacer-inner\"><\/div>\n\t\t<\/div>\n\t\t\t\t<\/div>\n\t\t\t\t<\/div>\n\t\t\t\t\t<\/div>\n\t\t<\/div>\n\t\t\t\t\t\t\t<\/div>\n\t\t<\/section>\n\t\t\t\t<section class=\"elementor-section elementor-top-section elementor-element elementor-element-5562279 elementor-section-boxed elementor-section-height-default elementor-section-height-default\" data-id=\"5562279\" data-element_type=\"section\">\n\t\t\t\t\t\t<div class=\"elementor-container elementor-column-gap-default\">\n\t\t\t\t\t<div class=\"elementor-column elementor-col-50 elementor-top-column elementor-element elementor-element-3a0d305\" data-id=\"3a0d305\" data-element_type=\"column\">\n\t\t\t<div class=\"elementor-widget-wrap elementor-element-populated\">\n\t\t\t\t\t\t\t\t<div class=\"elementor-element elementor-element-99a611e elementor-widget elementor-widget-heading\" data-id=\"99a611e\" data-element_type=\"widget\" data-widget_type=\"heading.default\">\n\t\t\t\t<div class=\"elementor-widget-container\">\n\t\t\t<h2 class=\"elementor-heading-title elementor-size-default\">Contactos<\/h2>\t\t<\/div>\n\t\t\t\t<\/div>\n\t\t\t\t<div class=\"elementor-element elementor-element-008f56f elementor-button-align-stretch elementor-widget elementor-widget-form\" data-id=\"008f56f\" data-element_type=\"widget\" data-settings=\"{&quot;step_next_label&quot;:&quot;Next&quot;,&quot;step_previous_label&quot;:&quot;Previous&quot;,&quot;button_width&quot;:&quot;100&quot;,&quot;step_type&quot;:&quot;number_text&quot;,&quot;step_icon_shape&quot;:&quot;circle&quot;}\" data-widget_type=\"form.default\">\n\t\t\t\t<div class=\"elementor-widget-container\">\n\t\t\t\t\t<form class=\"elementor-form\" method=\"post\" id=\"monneymattersform\" name=\"MonneyMattersform\">\n\t\t\t<input type=\"hidden\" name=\"post_id\" value=\"741\"\/>\n\t\t\t<input type=\"hidden\" name=\"form_id\" value=\"008f56f\"\/>\n\t\t\t<input type=\"hidden\" name=\"referer_title\" value=\"Money Matters\" \/>\n\n\t\t\t\n\t\t\t<div class=\"elementor-form-fields-wrapper elementor-labels-\">\n\t\t\t\t\t\t\t\t<div class=\"elementor-field-type-text elementor-field-group elementor-column elementor-field-group-name elementor-col-100 elementor-field-required\">\n\t\t\t\t\t\t\t\t\t\t\t\t<label for=\"form-field-name\" class=\"elementor-field-label elementor-screen-only\">\n\t\t\t\t\t\t\t\tName\t\t\t\t\t\t\t<\/label>\n\t\t\t\t\t\t\t\t\t\t\t\t\t\t<input size=\"1\" type=\"text\" name=\"form_fields[name]\" id=\"form-field-name\" class=\"elementor-field elementor-size-sm  elementor-field-textual\" placeholder=\"Nome\" required=\"required\" aria-required=\"true\">\n\t\t\t\t\t\t\t\t\t\t\t<\/div>\n\t\t\t\t\t\t\t\t<div class=\"elementor-field-type-email elementor-field-group elementor-column elementor-field-group-email elementor-col-100 elementor-field-required\">\n\t\t\t\t\t\t\t\t\t\t\t\t<label for=\"form-field-email\" class=\"elementor-field-label elementor-screen-only\">\n\t\t\t\t\t\t\t\tEmail\t\t\t\t\t\t\t<\/label>\n\t\t\t\t\t\t\t\t\t\t\t\t\t\t<input size=\"1\" type=\"email\" name=\"form_fields[email]\" id=\"form-field-email\" class=\"elementor-field elementor-size-sm  elementor-field-textual\" placeholder=\"Email\" required=\"required\" aria-required=\"true\">\n\t\t\t\t\t\t\t\t\t\t\t<\/div>\n\t\t\t\t\t\t\t\t<div class=\"elementor-field-type-textarea elementor-field-group elementor-column elementor-field-group-message elementor-col-100 elementor-field-required\">\n\t\t\t\t\t\t\t\t\t\t\t\t<label for=\"form-field-message\" class=\"elementor-field-label elementor-screen-only\">\n\t\t\t\t\t\t\t\tMessage\t\t\t\t\t\t\t<\/label>\n\t\t\t\t\t\t<textarea class=\"elementor-field-textual elementor-field  elementor-size-sm\" name=\"form_fields[message]\" id=\"form-field-message\" rows=\"4\" placeholder=\"Mensagem\" required=\"required\" aria-required=\"true\"><\/textarea>\t\t\t\t<\/div>\n\t\t\t\t\t\t\t\t<div class=\"elementor-field-type-recaptcha_v3 elementor-field-group elementor-column elementor-field-group-field_85d1cf8 elementor-col-100 recaptcha_v3-inline\">\n\t\t\t\t\t<div class=\"elementor-field\" id=\"form-field-field_85d1cf8\"><div class=\"elementor-g-recaptcha\" data-sitekey=\"6Lc3mokaAAAAANecRizu5wfj8IESRd3RlCXE6D2l\" data-type=\"v3\" data-action=\"Form\" data-badge=\"inline\" data-size=\"invisible\"><\/div><\/div>\t\t\t\t<\/div>\n\t\t\t\t\t\t\t\t<div class=\"elementor-field-group elementor-column elementor-field-type-submit elementor-col-100 e-form__buttons\">\n\t\t\t\t\t<button type=\"submit\" class=\"elementor-button elementor-size-sm\">\n\t\t\t\t\t\t<span >\n\t\t\t\t\t\t\t\t\t\t\t\t\t\t\t<span class=\" elementor-button-icon\">\n\t\t\t\t\t\t\t\t\t\t\t\t\t\t\t\t\t\t\t\t\t\t\t\t\t\t<\/span>\n\t\t\t\t\t\t\t\t\t\t\t\t\t\t\t\t\t\t\t\t\t\t<span class=\"elementor-button-text\">Enviar<\/span>\n\t\t\t\t\t\t\t\t\t\t\t\t\t<\/span>\n\t\t\t\t\t<\/button>\n\t\t\t\t<\/div>\n\t\t\t<\/div>\n\t\t<\/form>\n\t\t\t\t<\/div>\n\t\t\t\t<\/div>\n\t\t\t\t\t<\/div>\n\t\t<\/div>\n\t\t\t\t<div class=\"elementor-column elementor-col-50 elementor-top-column elementor-element elementor-element-1115803\" data-id=\"1115803\" data-element_type=\"column\">\n\t\t\t<div class=\"elementor-widget-wrap elementor-element-populated\">\n\t\t\t\t\t\t\t\t<div class=\"elementor-element elementor-element-6c9d62f elementor-invisible elementor-widget elementor-widget-image\" data-id=\"6c9d62f\" data-element_type=\"widget\" data-settings=\"{&quot;_animation&quot;:&quot;bounceInRight&quot;}\" data-widget_type=\"image.default\">\n\t\t\t\t<div class=\"elementor-widget-container\">\n\t\t\t\t\t\t\t\t\t\t\t\t\t\t\t<img loading=\"lazy\" decoding=\"async\" width=\"494\" height=\"475\" src=\"https:\/\/moneymattersproject.eu\/wp-content\/uploads\/2021\/03\/contact-us.png\" class=\"attachment-medium_large size-medium_large wp-image-88\" alt=\"\" srcset=\"https:\/\/moneymattersproject.eu\/wp-content\/uploads\/2021\/03\/contact-us.png 494w, https:\/\/moneymattersproject.eu\/wp-content\/uploads\/2021\/03\/contact-us-300x288.png 300w\" sizes=\"auto, (max-width: 494px) 100vw, 494px\" \/>\t\t\t\t\t\t\t\t\t\t\t\t\t\t\t<\/div>\n\t\t\t\t<\/div>\n\t\t\t\t\t<\/div>\n\t\t<\/div>\n\t\t\t\t\t\t\t<\/div>\n\t\t<\/section>\n\t\t\t\t\t\t\t<\/div>\n\t\t","protected":false},"excerpt":{"rendered":"<p>Literacia Financeira para Fam\u00edlias Sobre o Projeto Um dos principais fatores que dificultam poss\u00edveis resolu\u00e7\u00f5es de D\u00edvida familiar \u00e9 a falta de compet\u00eancias-chave sobre literacia financeira que atualmente se encontram na maioria das comunidades menos qualificadas, onde os encargos com a d\u00edvida permanecem elevados. Ler mais Biblioteca sobre literacia financeira Biblioteca de literacia financeira (interface [&hellip;]<\/p>\n","protected":false},"author":1,"featured_media":0,"parent":0,"menu_order":0,"comment_status":"closed","ping_status":"closed","template":"","meta":{"footnotes":""},"class_list":["post-741","page","type-page","status-publish","hentry"],"yoast_head":"<!-- This site is optimized with the Yoast SEO plugin v22.0 - https:\/\/yoast.com\/wordpress\/plugins\/seo\/ -->\n<title>P\u00e1gina Inicial - Money Matters<\/title>\n<meta name=\"robots\" content=\"index, follow, max-snippet:-1, max-image-preview:large, max-video-preview:-1\" \/>\n<link rel=\"canonical\" href=\"https:\/\/moneymattersproject.eu\/pt-pt\/\" \/>\n<meta property=\"og:locale\" content=\"pt_PT\" \/>\n<meta property=\"og:type\" content=\"article\" \/>\n<meta property=\"og:title\" content=\"P\u00e1gina Inicial - Money Matters\" \/>\n<meta property=\"og:description\" content=\"Literacia Financeira para Fam\u00edlias Sobre o Projeto Um dos principais fatores que dificultam poss\u00edveis resolu\u00e7\u00f5es de D\u00edvida familiar \u00e9 a falta de compet\u00eancias-chave sobre literacia financeira que atualmente se encontram na maioria das comunidades menos qualificadas, onde os encargos com a d\u00edvida permanecem elevados. Ler mais Biblioteca sobre literacia financeira Biblioteca de literacia financeira (interface [&hellip;]\" \/>\n<meta property=\"og:url\" content=\"https:\/\/moneymattersproject.eu\/pt-pt\/\" \/>\n<meta property=\"og:site_name\" content=\"Money Matters\" \/>\n<meta property=\"article:modified_time\" content=\"2022-08-03T08:53:05+00:00\" \/>\n<meta property=\"og:image\" content=\"https:\/\/moneymattersproject.eu\/wp-content\/uploads\/2021\/03\/homepage_image-768x530.png\" \/>\n<meta name=\"twitter:card\" content=\"summary_large_image\" \/>\n<meta name=\"twitter:label1\" content=\"Tempo estimado de leitura\" \/>\n\t<meta name=\"twitter:data1\" content=\"2 minutos\" \/>\n<script type=\"application\/ld+json\" class=\"yoast-schema-graph\">{\"@context\":\"https:\/\/schema.org\",\"@graph\":[{\"@type\":\"WebPage\",\"@id\":\"https:\/\/moneymattersproject.eu\/pt-pt\/\",\"url\":\"https:\/\/moneymattersproject.eu\/pt-pt\/\",\"name\":\"P\u00e1gina Inicial - Money Matters\",\"isPartOf\":{\"@id\":\"https:\/\/moneymattersproject.eu\/#website\"},\"datePublished\":\"2021-12-06T10:37:35+00:00\",\"dateModified\":\"2022-08-03T08:53:05+00:00\",\"breadcrumb\":{\"@id\":\"https:\/\/moneymattersproject.eu\/pt-pt\/#breadcrumb\"},\"inLanguage\":\"pt-PT\",\"potentialAction\":[{\"@type\":\"ReadAction\",\"target\":[\"https:\/\/moneymattersproject.eu\/pt-pt\/\"]}]},{\"@type\":\"BreadcrumbList\",\"@id\":\"https:\/\/moneymattersproject.eu\/pt-pt\/#breadcrumb\",\"itemListElement\":[{\"@type\":\"ListItem\",\"position\":1,\"name\":\"Home\",\"item\":\"https:\/\/moneymattersproject.eu\/pt-pt\/\"},{\"@type\":\"ListItem\",\"position\":2,\"name\":\"P\u00e1gina Inicial\"}]},{\"@type\":\"WebSite\",\"@id\":\"https:\/\/moneymattersproject.eu\/#website\",\"url\":\"https:\/\/moneymattersproject.eu\/\",\"name\":\"Money Matters\",\"description\":\"\",\"potentialAction\":[{\"@type\":\"SearchAction\",\"target\":{\"@type\":\"EntryPoint\",\"urlTemplate\":\"https:\/\/moneymattersproject.eu\/?s={search_term_string}\"},\"query-input\":\"required name=search_term_string\"}],\"inLanguage\":\"pt-PT\"}]}<\/script>\n<!-- \/ Yoast SEO plugin. -->","yoast_head_json":{"title":"P\u00e1gina Inicial - Money Matters","robots":{"index":"index","follow":"follow","max-snippet":"max-snippet:-1","max-image-preview":"max-image-preview:large","max-video-preview":"max-video-preview:-1"},"canonical":"https:\/\/moneymattersproject.eu\/pt-pt\/","og_locale":"pt_PT","og_type":"article","og_title":"P\u00e1gina Inicial - Money Matters","og_description":"Literacia Financeira para Fam\u00edlias Sobre o Projeto Um dos principais fatores que dificultam poss\u00edveis resolu\u00e7\u00f5es de D\u00edvida familiar \u00e9 a falta de compet\u00eancias-chave sobre literacia financeira que atualmente se encontram na maioria das comunidades menos qualificadas, onde os encargos com a d\u00edvida permanecem elevados. Ler mais Biblioteca sobre literacia financeira Biblioteca de literacia financeira (interface [&hellip;]","og_url":"https:\/\/moneymattersproject.eu\/pt-pt\/","og_site_name":"Money Matters","article_modified_time":"2022-08-03T08:53:05+00:00","og_image":[{"url":"https:\/\/moneymattersproject.eu\/wp-content\/uploads\/2021\/03\/homepage_image-768x530.png"}],"twitter_card":"summary_large_image","twitter_misc":{"Tempo estimado de leitura":"2 minutos"},"schema":{"@context":"https:\/\/schema.org","@graph":[{"@type":"WebPage","@id":"https:\/\/moneymattersproject.eu\/pt-pt\/","url":"https:\/\/moneymattersproject.eu\/pt-pt\/","name":"P\u00e1gina Inicial - Money Matters","isPartOf":{"@id":"https:\/\/moneymattersproject.eu\/#website"},"datePublished":"2021-12-06T10:37:35+00:00","dateModified":"2022-08-03T08:53:05+00:00","breadcrumb":{"@id":"https:\/\/moneymattersproject.eu\/pt-pt\/#breadcrumb"},"inLanguage":"pt-PT","potentialAction":[{"@type":"ReadAction","target":["https:\/\/moneymattersproject.eu\/pt-pt\/"]}]},{"@type":"BreadcrumbList","@id":"https:\/\/moneymattersproject.eu\/pt-pt\/#breadcrumb","itemListElement":[{"@type":"ListItem","position":1,"name":"Home","item":"https:\/\/moneymattersproject.eu\/pt-pt\/"},{"@type":"ListItem","position":2,"name":"P\u00e1gina Inicial"}]},{"@type":"WebSite","@id":"https:\/\/moneymattersproject.eu\/#website","url":"https:\/\/moneymattersproject.eu\/","name":"Money Matters","description":"","potentialAction":[{"@type":"SearchAction","target":{"@type":"EntryPoint","urlTemplate":"https:\/\/moneymattersproject.eu\/?s={search_term_string}"},"query-input":"required name=search_term_string"}],"inLanguage":"pt-PT"}]}},"_links":{"self":[{"href":"https:\/\/moneymattersproject.eu\/pt-pt\/wp-json\/wp\/v2\/pages\/741","targetHints":{"allow":["GET"]}}],"collection":[{"href":"https:\/\/moneymattersproject.eu\/pt-pt\/wp-json\/wp\/v2\/pages"}],"about":[{"href":"https:\/\/moneymattersproject.eu\/pt-pt\/wp-json\/wp\/v2\/types\/page"}],"author":[{"embeddable":true,"href":"https:\/\/moneymattersproject.eu\/pt-pt\/wp-json\/wp\/v2\/users\/1"}],"replies":[{"embeddable":true,"href":"https:\/\/moneymattersproject.eu\/pt-pt\/wp-json\/wp\/v2\/comments?post=741"}],"version-history":[{"count":13,"href":"https:\/\/moneymattersproject.eu\/pt-pt\/wp-json\/wp\/v2\/pages\/741\/revisions"}],"predecessor-version":[{"id":847,"href":"https:\/\/moneymattersproject.eu\/pt-pt\/wp-json\/wp\/v2\/pages\/741\/revisions\/847"}],"wp:attachment":[{"href":"https:\/\/moneymattersproject.eu\/pt-pt\/wp-json\/wp\/v2\/media?parent=741"}],"curies":[{"name":"wp","href":"https:\/\/api.w.org\/{rel}","templated":true}]}}