{"id":699,"date":"2021-12-06T10:12:54","date_gmt":"2021-12-06T10:12:54","guid":{"rendered":"https:\/\/moneymattersproject.eu\/?page_id=699"},"modified":"2021-12-06T10:14:10","modified_gmt":"2021-12-06T10:14:10","slug":"biblioteca-di-alfabetizzazione-finanziaria","status":"publish","type":"page","link":"https:\/\/moneymattersproject.eu\/it\/biblioteca-di-alfabetizzazione-finanziaria\/","title":{"rendered":"Biblioteca di Alfabetizzazione finanziaria"},"content":{"rendered":"\t\t<div data-elementor-type=\"wp-page\" data-elementor-id=\"699\" class=\"elementor elementor-699\">\n\t\t\t\t\t\t\t\t\t<section class=\"elementor-section elementor-top-section elementor-element elementor-element-1287cee elementor-section-boxed elementor-section-height-default elementor-section-height-default\" data-id=\"1287cee\" data-element_type=\"section\">\n\t\t\t\t\t\t<div class=\"elementor-container elementor-column-gap-default\">\n\t\t\t\t\t<div class=\"elementor-column elementor-col-100 elementor-top-column elementor-element elementor-element-1cb2587\" data-id=\"1cb2587\" data-element_type=\"column\">\n\t\t\t<div class=\"elementor-widget-wrap elementor-element-populated\">\n\t\t\t\t\t\t\t\t<div class=\"elementor-element elementor-element-748c2cf elementor-widget elementor-widget-breadcrumbs\" data-id=\"748c2cf\" data-element_type=\"widget\" data-widget_type=\"breadcrumbs.default\">\n\t\t\t\t<div class=\"elementor-widget-container\">\n\t\t\t<p id=\"breadcrumbs\"><span><span><a href=\"https:\/\/moneymattersproject.eu\/it\/\">Home<\/a><\/span><\/span><\/p>\t\t<\/div>\n\t\t\t\t<\/div>\n\t\t\t\t<div class=\"elementor-element elementor-element-c99b5b4 elementor-widget elementor-widget-heading\" data-id=\"c99b5b4\" data-element_type=\"widget\" data-widget_type=\"heading.default\">\n\t\t\t\t<div class=\"elementor-widget-container\">\n\t\t\t<h1 class=\"elementor-heading-title elementor-size-default\">Biblioteca di Alfabetizzazione finanziaria<\/h1>\t\t<\/div>\n\t\t\t\t<\/div>\n\t\t\t\t\t<\/div>\n\t\t<\/div>\n\t\t\t\t\t\t\t<\/div>\n\t\t<\/section>\n\t\t\t\t<section class=\"elementor-section elementor-top-section elementor-element elementor-element-2cff672 elementor-section-boxed elementor-section-height-default elementor-section-height-default\" data-id=\"2cff672\" data-element_type=\"section\">\n\t\t\t\t\t\t<div class=\"elementor-container elementor-column-gap-default\">\n\t\t\t\t\t<div class=\"elementor-column elementor-col-50 elementor-top-column elementor-element elementor-element-3e3d81b\" data-id=\"3e3d81b\" data-element_type=\"column\">\n\t\t\t<div class=\"elementor-widget-wrap elementor-element-populated\">\n\t\t\t\t\t\t\t\t<div class=\"elementor-element elementor-element-a08f137 elementor-widget elementor-widget-heading\" data-id=\"a08f137\" data-element_type=\"widget\" data-widget_type=\"heading.default\">\n\t\t\t\t<div class=\"elementor-widget-container\">\n\t\t\t<h2 class=\"elementor-heading-title elementor-size-default\">Toolkit di risorse digitali<\/h2>\t\t<\/div>\n\t\t\t\t<\/div>\n\t\t\t\t<div class=\"elementor-element elementor-element-dcceeeb elementor-widget elementor-widget-text-editor\" data-id=\"dcceeeb\" data-element_type=\"widget\" data-widget_type=\"text-editor.default\">\n\t\t\t\t<div class=\"elementor-widget-container\">\n\t\t\t\t\t\t\t<p><span style=\"font-weight: 400;\">Tutte le risorse saranno disponibili in tutte le lingue dei partner e saranno accessibili a qualsiasi ente di formazione attraverso il sito Web del progetto e la piattaforma di apprendimento online. Le risorse digitali saranno inoltre disponibili in formato PDF per il loro utilizzo offline.<\/span><\/p><p><span style=\"font-weight: 400;\">Il Toolkit con le risorse digitali offre la possibilit\u00e0 di presentare le idee e i concetti chiave che sono centrali per lo sviluppo dell&#8217;alfabetizzazione finanziaria di\u00a0 tutti i membri della famiglia, giovani e anziani. Prevediamo che l&#8217;impatto di queste risorse e il messaggio che esse trasmettono sia significativo.<\/span><\/p>\t\t\t\t\t\t<\/div>\n\t\t\t\t<\/div>\n\t\t\t\t\t<\/div>\n\t\t<\/div>\n\t\t\t\t<div class=\"elementor-column elementor-col-50 elementor-top-column elementor-element elementor-element-2682e06\" data-id=\"2682e06\" data-element_type=\"column\">\n\t\t\t<div class=\"elementor-widget-wrap elementor-element-populated\">\n\t\t\t\t\t\t\t\t<div class=\"elementor-element elementor-element-056d8af elementor-widget elementor-widget-image\" data-id=\"056d8af\" data-element_type=\"widget\" data-widget_type=\"image.default\">\n\t\t\t\t<div class=\"elementor-widget-container\">\n\t\t\t\t\t\t\t\t\t\t\t\t\t\t\t<img loading=\"lazy\" decoding=\"async\" width=\"552\" height=\"406\" src=\"https:\/\/moneymattersproject.eu\/wp-content\/uploads\/2021\/03\/financial-literacy.png\" class=\"attachment-large size-large wp-image-89\" alt=\"\" srcset=\"https:\/\/moneymattersproject.eu\/wp-content\/uploads\/2021\/03\/financial-literacy.png 552w, https:\/\/moneymattersproject.eu\/wp-content\/uploads\/2021\/03\/financial-literacy-300x221.png 300w\" sizes=\"auto, (max-width: 552px) 100vw, 552px\" \/>\t\t\t\t\t\t\t\t\t\t\t\t\t\t\t<\/div>\n\t\t\t\t<\/div>\n\t\t\t\t\t<\/div>\n\t\t<\/div>\n\t\t\t\t\t\t\t<\/div>\n\t\t<\/section>\n\t\t\t\t<section class=\"elementor-section elementor-top-section elementor-element elementor-element-0cde4ba elementor-section-boxed elementor-section-height-default elementor-section-height-default\" data-id=\"0cde4ba\" data-element_type=\"section\">\n\t\t\t\t\t\t<div class=\"elementor-container elementor-column-gap-default\">\n\t\t\t\t\t<div class=\"elementor-column elementor-col-50 elementor-top-column elementor-element elementor-element-3204a67\" data-id=\"3204a67\" data-element_type=\"column\">\n\t\t\t<div class=\"elementor-widget-wrap elementor-element-populated\">\n\t\t\t\t\t\t\t\t<div class=\"elementor-element elementor-element-a3d6796 elementor-widget elementor-widget-image\" data-id=\"a3d6796\" data-element_type=\"widget\" data-widget_type=\"image.default\">\n\t\t\t\t<div class=\"elementor-widget-container\">\n\t\t\t\t\t\t\t\t\t\t\t\t\t\t\t<img loading=\"lazy\" decoding=\"async\" width=\"526\" height=\"490\" src=\"https:\/\/moneymattersproject.eu\/wp-content\/uploads\/2021\/03\/comic-book.png\" class=\"attachment-large size-large wp-image-181\" alt=\"\" srcset=\"https:\/\/moneymattersproject.eu\/wp-content\/uploads\/2021\/03\/comic-book.png 526w, https:\/\/moneymattersproject.eu\/wp-content\/uploads\/2021\/03\/comic-book-300x279.png 300w\" sizes=\"auto, (max-width: 526px) 100vw, 526px\" \/>\t\t\t\t\t\t\t\t\t\t\t\t\t\t\t<\/div>\n\t\t\t\t<\/div>\n\t\t\t\t\t<\/div>\n\t\t<\/div>\n\t\t\t\t<div class=\"elementor-column elementor-col-50 elementor-top-column elementor-element elementor-element-55f6a1f\" data-id=\"55f6a1f\" data-element_type=\"column\">\n\t\t\t<div class=\"elementor-widget-wrap elementor-element-populated\">\n\t\t\t\t\t\t\t\t<div class=\"elementor-element elementor-element-c69b993 elementor-widget elementor-widget-heading\" data-id=\"c69b993\" data-element_type=\"widget\" data-widget_type=\"heading.default\">\n\t\t\t\t<div class=\"elementor-widget-container\">\n\t\t\t<h2 class=\"elementor-heading-title elementor-size-default\">Fumetti<\/h2>\t\t<\/div>\n\t\t\t\t<\/div>\n\t\t\t\t<div class=\"elementor-element elementor-element-be55ca5 elementor-widget elementor-widget-text-editor\" data-id=\"be55ca5\" data-element_type=\"widget\" data-widget_type=\"text-editor.default\">\n\t\t\t\t<div class=\"elementor-widget-container\">\n\t\t\t\t\t\t\t<p><span style=\"font-weight: 400;\">Verr\u00e0 sviluppato un nuovo fumetto che affronta il tema dell&#8217;alfabetizzazione finanziaria destinato ai giovani membri della famiglia di et\u00e0 compresa tra 6 e 12 anni. La sequenza comprender\u00e0 12 fumetti mensili su una tematica precisa , in cui un &#8220;Supereroe&#8221; si occuper\u00e0 di questioni relative all&#8217;alfabetizzazione finanziaria.\u00a0<\/span><\/p><p><span style=\"font-weight: 400;\">La narrazione mensile dei fumetti sar\u00e0 adattata affinch\u00e9 vengano presentati contenuti adeguati all&#8217;et\u00e0.\u00a0<\/span><\/p><p><span style=\"font-weight: 400;\">Le narrazioni per i fumetti saranno scritte da Symplexis e Right Challenge che insieme produrranno gli elementi visivi per rendere i fumetti attraenti per il giovane pubblico.<\/span><\/p>\t\t\t\t\t\t<\/div>\n\t\t\t\t<\/div>\n\t\t\t\t\t<\/div>\n\t\t<\/div>\n\t\t\t\t\t\t\t<\/div>\n\t\t<\/section>\n\t\t\t\t<section class=\"elementor-section elementor-top-section elementor-element elementor-element-580877c elementor-section-boxed elementor-section-height-default elementor-section-height-default\" data-id=\"580877c\" data-element_type=\"section\">\n\t\t\t\t\t\t<div class=\"elementor-container elementor-column-gap-default\">\n\t\t\t\t\t<div class=\"elementor-column elementor-col-50 elementor-top-column elementor-element elementor-element-4c0e6e2\" data-id=\"4c0e6e2\" data-element_type=\"column\">\n\t\t\t<div class=\"elementor-widget-wrap elementor-element-populated\">\n\t\t\t\t\t\t\t\t<div class=\"elementor-element elementor-element-3d90f45 elementor-widget elementor-widget-heading\" data-id=\"3d90f45\" data-element_type=\"widget\" data-widget_type=\"heading.default\">\n\t\t\t\t<div class=\"elementor-widget-container\">\n\t\t\t<h2 class=\"elementor-heading-title elementor-size-default\">Applicazione di una Escape Room on line<\/h2>\t\t<\/div>\n\t\t\t\t<\/div>\n\t\t\t\t<div class=\"elementor-element elementor-element-5bf48a5 elementor-widget elementor-widget-text-editor\" data-id=\"5bf48a5\" data-element_type=\"widget\" data-widget_type=\"text-editor.default\">\n\t\t\t\t<div class=\"elementor-widget-container\">\n\t\t\t\t\t\t\t<p><span style=\"font-weight: 400;\">L&#8217;Escape Room online e le relative sfide contenute in questa risorsa innovativa,\u00a0 mirano a facilitare l&#8217;apprendimento poich\u00e9 affrontano temi chiave dell&#8217;alfabetizzazione finanziaria, destinati ai membri della famiglia di et\u00e0 compresa tra 13 e 18 anni. Nell\u2019Escape Room vengono sviluppati diversi scenari per ciascuna risorsa, utili ad affrontare adeguatamente le principali questioni relative all&#8217;alfabetizzazione finanziaria, sia positive che negative. Le risorse saranno sviluppate su due livelli, \u00a0 introduttivo e\u00a0 intermedio, finalizzati ad illustrare le\u00a0 migliori pratiche a disposizione nella pianificazione finanziaria, nella gestione del debito, nel trattare con le istituzioni finanziarie, ecc.\u00a0<\/span><\/p><p><span style=\"font-weight: 400;\">Partire dalle basi nell\u2019offerta delle risorse di alfabetizzazione finanziaria, consente ai partner di introdurre diversi livelli utili per garantire che tutti gli studenti siano in grado di interagire con gli strumenti presenti,\u00a0 indipendentemente dal proprio livello di istruzione. Questo permette ad ogni discente di migliorare le proprie competenze e di progredire nei diversi livelli di apprendimento. SRC e Learning Unlimited svilupperanno 3 risorse ciascuno. Ci\u00f2 consentir\u00e0 inoltre ai partner di fornire risorse specifiche di genere se necessario.\u00a0<\/span><\/p><p><span style=\"font-weight: 400;\">Una tipica Escape Room educativa online introduttiva affronta 3 sfide individuali che diventano progressivamente pi\u00f9 difficili.\u00a0<\/span><\/p><p><span style=\"font-weight: 400;\">Mentre una risorsa intermedia avr\u00e0 5 sfide individuali con un progressivo grado di difficolt\u00e0.<\/span><\/p>\t\t\t\t\t\t<\/div>\n\t\t\t\t<\/div>\n\t\t\t\t\t<\/div>\n\t\t<\/div>\n\t\t\t\t<div class=\"elementor-column elementor-col-50 elementor-top-column elementor-element elementor-element-9168dbe\" data-id=\"9168dbe\" data-element_type=\"column\">\n\t\t\t<div class=\"elementor-widget-wrap elementor-element-populated\">\n\t\t\t\t\t\t\t\t<div class=\"elementor-element elementor-element-1f5fa5a elementor-widget elementor-widget-image\" data-id=\"1f5fa5a\" data-element_type=\"widget\" data-widget_type=\"image.default\">\n\t\t\t\t<div class=\"elementor-widget-container\">\n\t\t\t\t\t\t\t\t\t\t\t\t\t\t\t<img loading=\"lazy\" decoding=\"async\" width=\"564\" height=\"415\" src=\"https:\/\/moneymattersproject.eu\/wp-content\/uploads\/2021\/03\/escape-rooms.png\" class=\"attachment-large size-large wp-image-183\" alt=\"\" srcset=\"https:\/\/moneymattersproject.eu\/wp-content\/uploads\/2021\/03\/escape-rooms.png 564w, https:\/\/moneymattersproject.eu\/wp-content\/uploads\/2021\/03\/escape-rooms-300x221.png 300w\" sizes=\"auto, (max-width: 564px) 100vw, 564px\" \/>\t\t\t\t\t\t\t\t\t\t\t\t\t\t\t<\/div>\n\t\t\t\t<\/div>\n\t\t\t\t\t<\/div>\n\t\t<\/div>\n\t\t\t\t\t\t\t<\/div>\n\t\t<\/section>\n\t\t\t\t\t\t\t<\/div>\n\t\t","protected":false},"excerpt":{"rendered":"<p>Biblioteca di Alfabetizzazione finanziaria Toolkit di risorse digitali Tutte le risorse saranno disponibili in tutte le lingue dei partner e saranno accessibili a qualsiasi ente di formazione attraverso il sito Web del progetto e la piattaforma di apprendimento online. Le risorse digitali saranno inoltre disponibili in formato PDF per il loro utilizzo offline. Il Toolkit [&hellip;]<\/p>\n","protected":false},"author":1,"featured_media":0,"parent":0,"menu_order":0,"comment_status":"closed","ping_status":"closed","template":"","meta":{"footnotes":""},"class_list":["post-699","page","type-page","status-publish","hentry"],"yoast_head":"<!-- This site is optimized with the Yoast SEO plugin v22.0 - https:\/\/yoast.com\/wordpress\/plugins\/seo\/ -->\n<title>Biblioteca di Alfabetizzazione finanziaria - Money Matters<\/title>\n<meta name=\"robots\" content=\"index, follow, max-snippet:-1, max-image-preview:large, max-video-preview:-1\" \/>\n<link rel=\"canonical\" href=\"https:\/\/moneymattersproject.eu\/it\/biblioteca-di-alfabetizzazione-finanziaria\/\" \/>\n<meta property=\"og:locale\" content=\"it_IT\" \/>\n<meta property=\"og:type\" content=\"article\" \/>\n<meta property=\"og:title\" content=\"Biblioteca di Alfabetizzazione finanziaria - Money Matters\" \/>\n<meta property=\"og:description\" content=\"Biblioteca di Alfabetizzazione finanziaria Toolkit di risorse digitali Tutte le risorse saranno disponibili in tutte le lingue dei partner e saranno accessibili a qualsiasi ente di formazione attraverso il sito Web del progetto e la piattaforma di apprendimento online. Le risorse digitali saranno inoltre disponibili in formato PDF per il loro utilizzo offline. Il Toolkit [&hellip;]\" \/>\n<meta property=\"og:url\" content=\"https:\/\/moneymattersproject.eu\/it\/biblioteca-di-alfabetizzazione-finanziaria\/\" \/>\n<meta property=\"og:site_name\" content=\"Money Matters\" \/>\n<meta property=\"article:modified_time\" content=\"2021-12-06T10:14:10+00:00\" \/>\n<meta property=\"og:image\" content=\"https:\/\/moneymattersproject.eu\/wp-content\/uploads\/2021\/03\/financial-literacy.png\" \/>\n<meta name=\"twitter:card\" content=\"summary_large_image\" \/>\n<meta name=\"twitter:label1\" content=\"Tempo di lettura stimato\" \/>\n\t<meta name=\"twitter:data1\" content=\"3 minuti\" \/>\n<script type=\"application\/ld+json\" class=\"yoast-schema-graph\">{\"@context\":\"https:\/\/schema.org\",\"@graph\":[{\"@type\":\"WebPage\",\"@id\":\"https:\/\/moneymattersproject.eu\/it\/biblioteca-di-alfabetizzazione-finanziaria\/\",\"url\":\"https:\/\/moneymattersproject.eu\/it\/biblioteca-di-alfabetizzazione-finanziaria\/\",\"name\":\"Biblioteca di Alfabetizzazione finanziaria - Money Matters\",\"isPartOf\":{\"@id\":\"https:\/\/moneymattersproject.eu\/#website\"},\"datePublished\":\"2021-12-06T10:12:54+00:00\",\"dateModified\":\"2021-12-06T10:14:10+00:00\",\"breadcrumb\":{\"@id\":\"https:\/\/moneymattersproject.eu\/it\/biblioteca-di-alfabetizzazione-finanziaria\/#breadcrumb\"},\"inLanguage\":\"it-IT\",\"potentialAction\":[{\"@type\":\"ReadAction\",\"target\":[\"https:\/\/moneymattersproject.eu\/it\/biblioteca-di-alfabetizzazione-finanziaria\/\"]}]},{\"@type\":\"BreadcrumbList\",\"@id\":\"https:\/\/moneymattersproject.eu\/it\/biblioteca-di-alfabetizzazione-finanziaria\/#breadcrumb\",\"itemListElement\":[{\"@type\":\"ListItem\",\"position\":1,\"name\":\"Home\",\"item\":\"https:\/\/moneymattersproject.eu\/it\/\"},{\"@type\":\"ListItem\",\"position\":2,\"name\":\"Biblioteca di Alfabetizzazione finanziaria\"}]},{\"@type\":\"WebSite\",\"@id\":\"https:\/\/moneymattersproject.eu\/#website\",\"url\":\"https:\/\/moneymattersproject.eu\/\",\"name\":\"Money Matters\",\"description\":\"\",\"potentialAction\":[{\"@type\":\"SearchAction\",\"target\":{\"@type\":\"EntryPoint\",\"urlTemplate\":\"https:\/\/moneymattersproject.eu\/?s={search_term_string}\"},\"query-input\":\"required name=search_term_string\"}],\"inLanguage\":\"it-IT\"}]}<\/script>\n<!-- \/ Yoast SEO plugin. -->","yoast_head_json":{"title":"Biblioteca di Alfabetizzazione finanziaria - Money Matters","robots":{"index":"index","follow":"follow","max-snippet":"max-snippet:-1","max-image-preview":"max-image-preview:large","max-video-preview":"max-video-preview:-1"},"canonical":"https:\/\/moneymattersproject.eu\/it\/biblioteca-di-alfabetizzazione-finanziaria\/","og_locale":"it_IT","og_type":"article","og_title":"Biblioteca di Alfabetizzazione finanziaria - Money Matters","og_description":"Biblioteca di Alfabetizzazione finanziaria Toolkit di risorse digitali Tutte le risorse saranno disponibili in tutte le lingue dei partner e saranno accessibili a qualsiasi ente di formazione attraverso il sito Web del progetto e la piattaforma di apprendimento online. Le risorse digitali saranno inoltre disponibili in formato PDF per il loro utilizzo offline. Il Toolkit [&hellip;]","og_url":"https:\/\/moneymattersproject.eu\/it\/biblioteca-di-alfabetizzazione-finanziaria\/","og_site_name":"Money Matters","article_modified_time":"2021-12-06T10:14:10+00:00","og_image":[{"url":"https:\/\/moneymattersproject.eu\/wp-content\/uploads\/2021\/03\/financial-literacy.png"}],"twitter_card":"summary_large_image","twitter_misc":{"Tempo di lettura stimato":"3 minuti"},"schema":{"@context":"https:\/\/schema.org","@graph":[{"@type":"WebPage","@id":"https:\/\/moneymattersproject.eu\/it\/biblioteca-di-alfabetizzazione-finanziaria\/","url":"https:\/\/moneymattersproject.eu\/it\/biblioteca-di-alfabetizzazione-finanziaria\/","name":"Biblioteca di Alfabetizzazione finanziaria - Money Matters","isPartOf":{"@id":"https:\/\/moneymattersproject.eu\/#website"},"datePublished":"2021-12-06T10:12:54+00:00","dateModified":"2021-12-06T10:14:10+00:00","breadcrumb":{"@id":"https:\/\/moneymattersproject.eu\/it\/biblioteca-di-alfabetizzazione-finanziaria\/#breadcrumb"},"inLanguage":"it-IT","potentialAction":[{"@type":"ReadAction","target":["https:\/\/moneymattersproject.eu\/it\/biblioteca-di-alfabetizzazione-finanziaria\/"]}]},{"@type":"BreadcrumbList","@id":"https:\/\/moneymattersproject.eu\/it\/biblioteca-di-alfabetizzazione-finanziaria\/#breadcrumb","itemListElement":[{"@type":"ListItem","position":1,"name":"Home","item":"https:\/\/moneymattersproject.eu\/it\/"},{"@type":"ListItem","position":2,"name":"Biblioteca di Alfabetizzazione finanziaria"}]},{"@type":"WebSite","@id":"https:\/\/moneymattersproject.eu\/#website","url":"https:\/\/moneymattersproject.eu\/","name":"Money Matters","description":"","potentialAction":[{"@type":"SearchAction","target":{"@type":"EntryPoint","urlTemplate":"https:\/\/moneymattersproject.eu\/?s={search_term_string}"},"query-input":"required name=search_term_string"}],"inLanguage":"it-IT"}]}},"_links":{"self":[{"href":"https:\/\/moneymattersproject.eu\/it\/wp-json\/wp\/v2\/pages\/699","targetHints":{"allow":["GET"]}}],"collection":[{"href":"https:\/\/moneymattersproject.eu\/it\/wp-json\/wp\/v2\/pages"}],"about":[{"href":"https:\/\/moneymattersproject.eu\/it\/wp-json\/wp\/v2\/types\/page"}],"author":[{"embeddable":true,"href":"https:\/\/moneymattersproject.eu\/it\/wp-json\/wp\/v2\/users\/1"}],"replies":[{"embeddable":true,"href":"https:\/\/moneymattersproject.eu\/it\/wp-json\/wp\/v2\/comments?post=699"}],"version-history":[{"count":4,"href":"https:\/\/moneymattersproject.eu\/it\/wp-json\/wp\/v2\/pages\/699\/revisions"}],"predecessor-version":[{"id":705,"href":"https:\/\/moneymattersproject.eu\/it\/wp-json\/wp\/v2\/pages\/699\/revisions\/705"}],"wp:attachment":[{"href":"https:\/\/moneymattersproject.eu\/it\/wp-json\/wp\/v2\/media?parent=699"}],"curies":[{"name":"wp","href":"https:\/\/api.w.org\/{rel}","templated":true}]}}